{"id":32576,"date":"2024-08-27T11:18:51","date_gmt":"2024-08-27T10:18:51","guid":{"rendered":"https:\/\/rentapackraft.com\/wurfsackverleih\/"},"modified":"2026-03-16T16:17:31","modified_gmt":"2026-03-16T15:17:31","slug":"wurfsackverleih","status":"publish","type":"page","link":"https:\/\/rentapackraft.com\/de\/wurfsackverleih\/","title":{"rendered":"Wurfsackverleih"},"content":{"rendered":"\t\t<div data-elementor-type=\"wp-page\" data-elementor-id=\"32576\" class=\"elementor elementor-32576 elementor-23337\" data-elementor-post-type=\"page\">\n\t\t\t\t<div class=\"elementor-element elementor-element-17ff4ca5 e-flex e-con-boxed e-con e-parent\" data-id=\"17ff4ca5\" data-element_type=\"container\" data-e-type=\"container\" data-settings=\"{&quot;background_background&quot;:&quot;classic&quot;,&quot;shape_divider_top&quot;:&quot;waves&quot;,&quot;shape_divider_top_negative&quot;:&quot;yes&quot;}\">\n\t\t\t\t\t<div class=\"e-con-inner\">\n\t\t\t\t<div class=\"elementor-shape elementor-shape-top\" aria-hidden=\"true\" data-negative=\"true\">\n\t\t\t<svg xmlns=\"http:\/\/www.w3.org\/2000\/svg\" viewBox=\"0 0 1000 100\" preserveAspectRatio=\"none\">\n\t<path class=\"elementor-shape-fill\" d=\"M790.5,93.1c-59.3-5.3-116.8-18-192.6-50c-29.6-12.7-76.9-31-100.5-35.9c-23.6-4.9-52.6-7.8-75.5-5.3\n\tc-10.2,1.1-22.6,1.4-50.1,7.4c-27.2,6.3-58.2,16.6-79.4,24.7c-41.3,15.9-94.9,21.9-134,22.6C72,58.2,0,25.8,0,25.8V100h1000V65.3\n\tc0,0-51.5,19.4-106.2,25.7C839.5,97,814.1,95.2,790.5,93.1z\"\/>\n<\/svg>\t\t<\/div>\n\t\t<div class=\"elementor-element elementor-element-3573c7b4 e-con-full e-flex e-con e-child\" data-id=\"3573c7b4\" data-element_type=\"container\" data-e-type=\"container\">\n\t\t<div class=\"elementor-element elementor-element-68885b5 e-con-full e-flex e-con e-child\" data-id=\"68885b5\" data-element_type=\"container\" data-e-type=\"container\">\n\t\t\t\t<div class=\"elementor-element elementor-element-3fd209c3 animated-fast elementor-widget__width-initial elementor-invisible elementor-widget elementor-widget-elementskit-heading\" data-id=\"3fd209c3\" data-element_type=\"widget\" data-e-type=\"widget\" data-settings=\"{&quot;_animation&quot;:&quot;fadeIn&quot;,&quot;ekit_we_effect_on&quot;:&quot;css&quot;,&quot;_animation_delay&quot;:100}\" data-widget_type=\"elementskit-heading.default\">\n\t\t\t\t<div class=\"elementor-widget-container\">\n\t\t\t\t\t<div class=\"ekit-wid-con\" ><div class=\"ekit-heading elementskit-section-title-wraper text_left   ekit_heading_tablet-   ekit_heading_mobile-\"><h6 class=\"elementskit-section-subtitle   ekit-heading__subtitle-has-border\">\n\t\t\t\t\t\tEinen Wurfsack mieten?\n\t\t\t\t\t<\/h6><h1 class=\"ekit-heading--title elementskit-section-title \">Mieten Sie ein <span><span>Werpzak<\/span><\/span>?<\/h1>\t\t\t\t<div class='ekit-heading__description'>\n\t\t\t\t\t<p>Ein guter Wurfsack ist bei Rettungsaktionen auf Wildwasser sehr wichtig. Mit dem hf Compact Classic haben Sie 20 Meter schwimmendes Seil mit einer Bruchfestigkeit von 1100 kg zur Hand. Das kegelf\u00f6rmige Design erm\u00f6glicht es Ihnen, weiter und enger zu werfen und die gro\u00dfe \u00d6ffnung erlaubt es Ihnen, das Seil im Handumdrehen zu verstauen. Dieser Wurfsack ist aus robustem Cordura-Gewebe und mit eingebautem, schwimmf\u00e4higem Schaumstoff. Sch\u00f6n leicht, superstark und dank der reflektierenden Details gut sichtbar.    <\/p>\n\t\t\t\t<\/div>\n\t\t\t<\/div><\/div>\t\t\t\t<\/div>\n\t\t\t\t<\/div>\n\t\t\t\t<div class=\"elementor-element elementor-element-7c984345 elementor-widget elementor-widget-price-list\" data-id=\"7c984345\" data-element_type=\"widget\" data-e-type=\"widget\" data-settings=\"{&quot;ekit_we_effect_on&quot;:&quot;none&quot;}\" data-widget_type=\"price-list.default\">\n\t\t\t\t<div class=\"elementor-widget-container\">\n\t\t\t\t\t\n\t\t<ul class=\"elementor-price-list\">\n\n\t\t\t\t\t\t\t\t\t<li><a class=\"elementor-price-list-item\" href=\"https:\/\/app.rentapackraft.com\/registreren\/\">\t\t\t\t\n\t\t\t\t<div class=\"elementor-price-list-text\">\n\t\t\t\t\t\t\t\t\t<div class=\"elementor-price-list-header\">\n\t\t\t\t\t\t\t\t\t\t\t<span class=\"elementor-price-list-title\">\n\t\t\t\t\t\t\tPreis von\t\t\t\t\t\t<\/span>\n\t\t\t\t\t\t\t\t\t\t\t\t\t\t\t\t\t\t<span class=\"elementor-price-list-separator\"><\/span>\n\t\t\t\t\t\t\t\t\t\t\t\t\t\t\t\t\t\t\t<span class=\"elementor-price-list-price\">\u20ac 10,-<\/span>\n\t\t\t\t\t\t\t\t\t\t<\/div>\n\t\t\t\t\t\t\t\t\t\t\t\t<\/div>\n\t\t\t\t<\/a><\/li>\t\t\t\t\t\n\t\t<\/ul>\n\n\t\t\t\t\t\t<\/div>\n\t\t\t\t<\/div>\n\t\t\t\t<div class=\"elementor-element elementor-element-74282ba3 elementor-align-justify elementor-widget elementor-widget-button\" data-id=\"74282ba3\" data-element_type=\"widget\" data-e-type=\"widget\" data-settings=\"{&quot;ekit_we_effect_on&quot;:&quot;none&quot;}\" data-widget_type=\"button.default\">\n\t\t\t\t<div class=\"elementor-widget-container\">\n\t\t\t\t\t\t\t\t\t<div class=\"elementor-button-wrapper\">\n\t\t\t\t\t<a class=\"elementor-button elementor-button-link elementor-size-sm\" href=\"https:\/\/app.rentapackraft.com\/product-category\/verhuur\/\" target=\"_blank\">\n\t\t\t\t\t\t<span class=\"elementor-button-content-wrapper\">\n\t\t\t\t\t\t<span class=\"elementor-button-icon\">\n\t\t\t\t<i aria-hidden=\"true\" class=\"icon icon-right-arrow\"><\/i>\t\t\t<\/span>\n\t\t\t\t\t\t\t\t\t<span class=\"elementor-button-text\">\ud83e\udd18 Mieten Sie Ihren Wurfsack<\/span>\n\t\t\t\t\t<\/span>\n\t\t\t\t\t<\/a>\n\t\t\t\t<\/div>\n\t\t\t\t\t\t\t\t<\/div>\n\t\t\t\t<\/div>\n\t\t\t\t<\/div>\n\t\t<div class=\"elementor-element elementor-element-6c703235 e-con-full e-flex e-con e-child\" data-id=\"6c703235\" data-element_type=\"container\" data-e-type=\"container\" data-settings=\"{&quot;background_background&quot;:&quot;classic&quot;}\">\n\t\t\t\t<div class=\"elementor-element elementor-element-16d37a42 elementor-widget elementor-widget-image\" data-id=\"16d37a42\" data-element_type=\"widget\" data-e-type=\"widget\" data-settings=\"{&quot;ekit_we_effect_on&quot;:&quot;none&quot;}\" data-widget_type=\"image.default\">\n\t\t\t\t<div class=\"elementor-widget-container\">\n\t\t\t\t\t\t\t\t\t\t\t\t\t\t\t<img fetchpriority=\"high\" width=\"1024\" height=\"683\" src=\"https:\/\/rentapackraft.com\/wp-content\/uploads\/2024\/08\/trowbag-1024x683.png\" class=\"attachment-large size-large wp-image-24350\" alt=\"eine rote Tasche mit gelben Tr\u00e4gern\" srcset=\"https:\/\/rentapackraft.com\/wp-content\/uploads\/2024\/08\/trowbag-1024x683.png 1024w, https:\/\/rentapackraft.com\/wp-content\/uploads\/2024\/08\/trowbag-300x200.png 300w, https:\/\/rentapackraft.com\/wp-content\/uploads\/2024\/08\/trowbag-768x512.png 768w, https:\/\/rentapackraft.com\/wp-content\/uploads\/2024\/08\/trowbag-1536x1024.png 1536w, https:\/\/rentapackraft.com\/wp-content\/uploads\/2024\/08\/trowbag-710x473.png 710w, https:\/\/rentapackraft.com\/wp-content\/uploads\/2024\/08\/trowbag.png 1600w\" sizes=\"(max-width: 1024px) 100vw, 1024px\" \/>\t\t\t\t\t\t\t\t\t\t\t\t\t\t\t<\/div>\n\t\t\t\t<\/div>\n\t\t\t\t<\/div>\n\t\t\t\t<\/div>\n\t\t\t\t<div class=\"elementor-element elementor-element-300b1673 elementor-absolute animated-fast elementor-invisible elementor-widget elementor-widget-image\" data-id=\"300b1673\" data-element_type=\"widget\" data-e-type=\"widget\" data-settings=\"{&quot;_position&quot;:&quot;absolute&quot;,&quot;ekit_we_effect_on&quot;:&quot;onscroll&quot;,&quot;ekit_we_scroll_animation_value&quot;:150,&quot;ekit_we_scroll_smoothness&quot;:0,&quot;_animation&quot;:&quot;fadeInUp&quot;,&quot;_animation_delay&quot;:200,&quot;ekit_we_on_test_mode&quot;:&quot;on&quot;,&quot;ekit_we_scroll_animation&quot;:&quot;translateY&quot;,&quot;ekit_we_scroll_offsettop&quot;:0,&quot;ekit_we_scroll_offsetbottom&quot;:0}\" data-widget_type=\"image.default\">\n\t\t\t\t<div class=\"elementor-widget-container\">\n\t\t\t\t\t\t\t\t\t\t\t\t\t\t\t<img width=\"211\" height=\"211\" src=\"https:\/\/rentapackraft.com\/wp-content\/uploads\/2023\/10\/sierra-marketing-shape-2.svg\" class=\"attachment-large size-large wp-image-23888\" alt=\"Kreis Hintergrund\" \/>\t\t\t\t\t\t\t\t\t\t\t\t\t\t\t<\/div>\n\t\t\t\t<\/div>\n\t\t\t\t\t<\/div>\n\t\t\t\t<\/div>\n\t\t<div class=\"elementor-element elementor-element-7d622e89 e-flex e-con-boxed e-con e-parent\" data-id=\"7d622e89\" data-element_type=\"container\" data-e-type=\"container\" data-settings=\"{&quot;background_background&quot;:&quot;classic&quot;}\">\n\t\t\t\t\t<div class=\"e-con-inner\">\n\t\t<div class=\"elementor-element elementor-element-15f36b5f e-con-full e-flex e-con e-child\" data-id=\"15f36b5f\" data-element_type=\"container\" data-e-type=\"container\">\n\t\t\t\t<div class=\"elementor-element elementor-element-6d6ad960 animated-fast elementor-widget__width-initial elementor-invisible elementor-widget elementor-widget-elementskit-heading\" data-id=\"6d6ad960\" data-element_type=\"widget\" data-e-type=\"widget\" data-settings=\"{&quot;_animation&quot;:&quot;fadeIn&quot;,&quot;ekit_we_effect_on&quot;:&quot;css&quot;,&quot;_animation_delay&quot;:100}\" data-widget_type=\"elementskit-heading.default\">\n\t\t\t\t<div class=\"elementor-widget-container\">\n\t\t\t\t\t<div class=\"ekit-wid-con\" ><div class=\"ekit-heading elementskit-section-title-wraper text_center   ekit_heading_tablet-   ekit_heading_mobile-\"><h6 class=\"elementskit-section-subtitle   ekit-heading__subtitle-has-border\">\n\t\t\t\t\t\tSo funktioniert es\n\t\t\t\t\t<\/h6><h2 class=\"ekit-heading--title elementskit-section-title \">Wie kann ich eine <span><span>Werpzak<\/span><\/span> mieten?<\/h2>\t\t\t\t<div class='ekit-heading__description'>\n\t\t\t\t\t<p><span style=\"font-weight: 400\">Befolgen Sie diese 3 Schritte, und die hf Compact Classic Wurfsack wird innerhalb von 24 Stunden bei Ihnen sein!<\/span><\/p>\n\t\t\t\t<\/div>\n\t\t\t<\/div><\/div>\t\t\t\t<\/div>\n\t\t\t\t<\/div>\n\t\t\t\t<\/div>\n\t\t<div class=\"elementor-element elementor-element-8b15d08 e-con-full e-flex e-con e-child\" data-id=\"8b15d08\" data-element_type=\"container\" data-e-type=\"container\">\n\t\t<div class=\"elementor-element elementor-element-ef7705e e-con-full e-flex e-con e-child\" data-id=\"ef7705e\" data-element_type=\"container\" data-e-type=\"container\">\n\t\t\t\t<div class=\"elementor-element elementor-element-6801b61 elementor-widget elementor-widget-image\" data-id=\"6801b61\" data-element_type=\"widget\" data-e-type=\"widget\" data-settings=\"{&quot;ekit_we_effect_on&quot;:&quot;none&quot;}\" data-widget_type=\"image.default\">\n\t\t\t\t<div class=\"elementor-widget-container\">\n\t\t\t\t\t\t\t\t\t\t\t\t\t\t\t<img width=\"284\" height=\"283\" src=\"https:\/\/rentapackraft.com\/wp-content\/uploads\/2024\/08\/Asset-4.svg\" class=\"attachment-large size-large wp-image-24374\" alt=\"Icon Packraft Rafting\" \/>\t\t\t\t\t\t\t\t\t\t\t\t\t\t\t<\/div>\n\t\t\t\t<\/div>\n\t\t\t\t<div class=\"elementor-element elementor-element-a1d28a4 animated-fast widget-link-underline ekit-equal-height-disable elementor-invisible elementor-widget elementor-widget-elementskit-icon-box\" data-id=\"a1d28a4\" data-element_type=\"widget\" data-e-type=\"widget\" data-settings=\"{&quot;_animation&quot;:&quot;fadeInUp&quot;,&quot;_animation_delay&quot;:100,&quot;ekit_we_effect_on&quot;:&quot;none&quot;}\" data-widget_type=\"elementskit-icon-box.default\">\n\t\t\t\t<div class=\"elementor-widget-container\">\n\t\t\t\t\t<div class=\"ekit-wid-con\" >        <!-- link opening -->\n                <a href=\"#\" class=\"ekit_global_links\">\n                <!-- end link opening -->\n\n        <div class=\"elementskit-infobox text-center text- icon-lef-right-aligin elementor-animation-   \">\n                        <div class=\"box-body\">\n                            <h4 class=\"elementskit-info-box-title\">\n                    1. W\u00e4hlen Sie Ihren Wurfsack                <\/h4>\n                        \t\t  \t<p>W\u00e4hlen Sie den Wurfsack (und m\u00f6glicherweise ein Packraft und zus\u00e4tzliche Ausr\u00fcstung)<\/p>\n                                <\/div>\n        \n        \n                <\/div>\n                <\/a>\n        <\/div>\t\t\t\t<\/div>\n\t\t\t\t<\/div>\n\t\t\t\t<div class=\"elementor-element elementor-element-1b24c7a elementor-absolute animated-fast elementor-hidden-tablet elementor-hidden-mobile elementor-invisible elementor-widget elementor-widget-image\" data-id=\"1b24c7a\" data-element_type=\"widget\" data-e-type=\"widget\" data-settings=\"{&quot;_position&quot;:&quot;absolute&quot;,&quot;_animation&quot;:&quot;fadeIn&quot;,&quot;_animation_delay&quot;:100,&quot;ekit_we_effect_on&quot;:&quot;none&quot;}\" data-widget_type=\"image.default\">\n\t\t\t\t<div class=\"elementor-widget-container\">\n\t\t\t\t\t\t\t\t\t\t\t\t\t\t\t<img loading=\"lazy\" width=\"150\" height=\"24\" src=\"https:\/\/rentapackraft.com\/wp-content\/uploads\/2024\/08\/shape-5-1.svg\" class=\"attachment-full size-full wp-image-24236\" alt=\"Pfeil\" \/>\t\t\t\t\t\t\t\t\t\t\t\t\t\t\t<\/div>\n\t\t\t\t<\/div>\n\t\t\t\t<\/div>\n\t\t<div class=\"elementor-element elementor-element-b457081 e-con-full e-flex e-con e-child\" data-id=\"b457081\" data-element_type=\"container\" data-e-type=\"container\">\n\t\t\t\t<div class=\"elementor-element elementor-element-6ac8358 elementor-widget elementor-widget-image\" data-id=\"6ac8358\" data-element_type=\"widget\" data-e-type=\"widget\" data-settings=\"{&quot;ekit_we_effect_on&quot;:&quot;none&quot;}\" data-widget_type=\"image.default\">\n\t\t\t\t<div class=\"elementor-widget-container\">\n\t\t\t\t\t\t\t\t\t\t\t\t\t\t\t<img loading=\"lazy\" width=\"472\" height=\"471\" src=\"https:\/\/rentapackraft.com\/wp-content\/uploads\/2024\/08\/Asset-10.png\" class=\"attachment-large size-large wp-image-24376\" alt=\"Kalender-Symbol\" srcset=\"https:\/\/rentapackraft.com\/wp-content\/uploads\/2024\/08\/Asset-10.png 472w, https:\/\/rentapackraft.com\/wp-content\/uploads\/2024\/08\/Asset-10-300x300.png 300w, https:\/\/rentapackraft.com\/wp-content\/uploads\/2024\/08\/Asset-10-150x150.png 150w\" sizes=\"(max-width: 472px) 100vw, 472px\" \/>\t\t\t\t\t\t\t\t\t\t\t\t\t\t\t<\/div>\n\t\t\t\t<\/div>\n\t\t\t\t<div class=\"elementor-element elementor-element-15ec519 animated-fast widget-link-underline ekit-equal-height-disable elementor-invisible elementor-widget elementor-widget-elementskit-icon-box\" data-id=\"15ec519\" data-element_type=\"widget\" data-e-type=\"widget\" data-settings=\"{&quot;_animation&quot;:&quot;fadeInUp&quot;,&quot;_animation_delay&quot;:200,&quot;ekit_we_effect_on&quot;:&quot;none&quot;}\" data-widget_type=\"elementskit-icon-box.default\">\n\t\t\t\t<div class=\"elementor-widget-container\">\n\t\t\t\t\t<div class=\"ekit-wid-con\" >        <!-- link opening -->\n                <a href=\"#\" class=\"ekit_global_links\">\n                <!-- end link opening -->\n\n        <div class=\"elementskit-infobox text-center text- icon-lef-right-aligin elementor-animation-   \">\n                        <div class=\"box-body\">\n                            <h4 class=\"elementskit-info-box-title\">\n                    2. Datum ausw\u00e4hlen                <\/h4>\n                        \t\t  \t<p>Buchen Sie ganz einfach die Termine, an denen Sie den Stellplatz ben\u00f6tigen.<\/p>\n                                <\/div>\n        \n        \n                <\/div>\n                <\/a>\n        <\/div>\t\t\t\t<\/div>\n\t\t\t\t<\/div>\n\t\t\t\t<div class=\"elementor-element elementor-element-82bd9df elementor-absolute animated-fast elementor-hidden-tablet elementor-hidden-mobile elementor-invisible elementor-widget elementor-widget-image\" data-id=\"82bd9df\" data-element_type=\"widget\" data-e-type=\"widget\" data-settings=\"{&quot;_position&quot;:&quot;absolute&quot;,&quot;_animation&quot;:&quot;fadeIn&quot;,&quot;_animation_delay&quot;:200,&quot;ekit_we_effect_on&quot;:&quot;none&quot;}\" data-widget_type=\"image.default\">\n\t\t\t\t<div class=\"elementor-widget-container\">\n\t\t\t\t\t\t\t\t\t\t\t\t\t\t\t<img loading=\"lazy\" width=\"150\" height=\"24\" src=\"https:\/\/rentapackraft.com\/wp-content\/uploads\/2024\/08\/shape-5-1.svg\" class=\"attachment-full size-full wp-image-24236\" alt=\"Pfeil\" \/>\t\t\t\t\t\t\t\t\t\t\t\t\t\t\t<\/div>\n\t\t\t\t<\/div>\n\t\t\t\t<\/div>\n\t\t<div class=\"elementor-element elementor-element-9f03c81 e-con-full e-flex e-con e-child\" data-id=\"9f03c81\" data-element_type=\"container\" data-e-type=\"container\">\n\t\t\t\t<div class=\"elementor-element elementor-element-b830ef4 elementor-widget elementor-widget-image\" data-id=\"b830ef4\" data-element_type=\"widget\" data-e-type=\"widget\" data-settings=\"{&quot;ekit_we_effect_on&quot;:&quot;none&quot;}\" data-widget_type=\"image.default\">\n\t\t\t\t<div class=\"elementor-widget-container\">\n\t\t\t\t\t\t\t\t\t\t\t\t\t\t\t<img loading=\"lazy\" width=\"472\" height=\"472\" src=\"https:\/\/rentapackraft.com\/wp-content\/uploads\/2024\/08\/Asset-8.png\" class=\"attachment-large size-large wp-image-24378\" alt=\"Person in einem Packraft\" srcset=\"https:\/\/rentapackraft.com\/wp-content\/uploads\/2024\/08\/Asset-8.png 472w, https:\/\/rentapackraft.com\/wp-content\/uploads\/2024\/08\/Asset-8-300x300.png 300w, https:\/\/rentapackraft.com\/wp-content\/uploads\/2024\/08\/Asset-8-150x150.png 150w\" sizes=\"(max-width: 472px) 100vw, 472px\" \/>\t\t\t\t\t\t\t\t\t\t\t\t\t\t\t<\/div>\n\t\t\t\t<\/div>\n\t\t\t\t<div class=\"elementor-element elementor-element-f6df29a animated-fast widget-link-underline ekit-equal-height-disable elementor-invisible elementor-widget elementor-widget-elementskit-icon-box\" data-id=\"f6df29a\" data-element_type=\"widget\" data-e-type=\"widget\" data-settings=\"{&quot;_animation&quot;:&quot;fadeInUp&quot;,&quot;_animation_delay&quot;:300,&quot;ekit_we_effect_on&quot;:&quot;none&quot;}\" data-widget_type=\"elementskit-icon-box.default\">\n\t\t\t\t<div class=\"elementor-widget-container\">\n\t\t\t\t\t<div class=\"ekit-wid-con\" >        <!-- link opening -->\n                <a href=\"#\" class=\"ekit_global_links\">\n                <!-- end link opening -->\n\n        <div class=\"elementskit-infobox text-center text- icon-lef-right-aligin elementor-animation-   \">\n                        <div class=\"box-body\">\n                            <h4 class=\"elementskit-info-box-title\">\n                    3. Gehen Sie auf ein Abenteuer                <\/h4>\n                        \t\t  \t<p>Wir werden sofort mit der Arbeit f\u00fcr Sie beginnen. So k\u00f6nnen Sie innerhalb von 24-48 Stunden gut vorbereitet auf dem Wasser sein. <\/p>\n                                <\/div>\n        \n        \n                <\/div>\n                <\/a>\n        <\/div>\t\t\t\t<\/div>\n\t\t\t\t<\/div>\n\t\t\t\t<\/div>\n\t\t\t\t<\/div>\n\t\t\t\t\t<\/div>\n\t\t\t\t<\/div>\n\t\t\t\t<\/div>\n\t\t","protected":false},"excerpt":{"rendered":"<p>Einen Wurfsack mieten? Mieten Sie ein Werpzak? Ein guter Wurfsack ist bei Rettungsaktionen auf Wildwasser sehr wichtig. Mit dem hf Compact Classic haben Sie 20 Meter schwimmendes Seil mit einer Bruchfestigkeit von 1100 kg zur Hand. Das kegelf\u00f6rmige Design erm\u00f6glicht es Ihnen, weiter und enger zu werfen und die gro\u00dfe \u00d6ffnung erlaubt es Ihnen, das [&hellip;]<\/p>\n","protected":false},"author":1,"featured_media":0,"parent":0,"menu_order":0,"comment_status":"closed","ping_status":"closed","template":"","meta":{"footnotes":""},"class_list":["post-32576","page","type-page","status-publish","hentry"],"_links":{"self":[{"href":"https:\/\/rentapackraft.com\/de\/wp-json\/wp\/v2\/pages\/32576","targetHints":{"allow":["GET"]}}],"collection":[{"href":"https:\/\/rentapackraft.com\/de\/wp-json\/wp\/v2\/pages"}],"about":[{"href":"https:\/\/rentapackraft.com\/de\/wp-json\/wp\/v2\/types\/page"}],"author":[{"embeddable":true,"href":"https:\/\/rentapackraft.com\/de\/wp-json\/wp\/v2\/users\/1"}],"replies":[{"embeddable":true,"href":"https:\/\/rentapackraft.com\/de\/wp-json\/wp\/v2\/comments?post=32576"}],"version-history":[{"count":2,"href":"https:\/\/rentapackraft.com\/de\/wp-json\/wp\/v2\/pages\/32576\/revisions"}],"predecessor-version":[{"id":33816,"href":"https:\/\/rentapackraft.com\/de\/wp-json\/wp\/v2\/pages\/32576\/revisions\/33816"}],"wp:attachment":[{"href":"https:\/\/rentapackraft.com\/de\/wp-json\/wp\/v2\/media?parent=32576"}],"curies":[{"name":"wp","href":"https:\/\/api.w.org\/{rel}","templated":true}]}}