{"id":32605,"date":"2024-08-27T10:38:16","date_gmt":"2024-08-27T09:38:16","guid":{"rendered":"https:\/\/rentapackraft.com\/bogen-tasche-mieten\/"},"modified":"2026-03-16T16:16:44","modified_gmt":"2026-03-16T15:16:44","slug":"bogen-tasche-mieten","status":"publish","type":"page","link":"https:\/\/rentapackraft.com\/de\/bogen-tasche-mieten\/","title":{"rendered":"Bogen Tasche mieten"},"content":{"rendered":"\t\t<div data-elementor-type=\"wp-page\" data-elementor-id=\"32605\" class=\"elementor elementor-32605 elementor-23283\" data-elementor-post-type=\"page\">\n\t\t\t\t<div class=\"elementor-element elementor-element-66da7f7e e-flex e-con-boxed e-con e-parent\" data-id=\"66da7f7e\" data-element_type=\"container\" data-e-type=\"container\" data-settings=\"{&quot;background_background&quot;:&quot;classic&quot;,&quot;shape_divider_top&quot;:&quot;waves&quot;,&quot;shape_divider_top_negative&quot;:&quot;yes&quot;}\">\n\t\t\t\t\t<div class=\"e-con-inner\">\n\t\t\t\t<div class=\"elementor-shape elementor-shape-top\" aria-hidden=\"true\" data-negative=\"true\">\n\t\t\t<svg xmlns=\"http:\/\/www.w3.org\/2000\/svg\" viewBox=\"0 0 1000 100\" preserveAspectRatio=\"none\">\n\t<path class=\"elementor-shape-fill\" d=\"M790.5,93.1c-59.3-5.3-116.8-18-192.6-50c-29.6-12.7-76.9-31-100.5-35.9c-23.6-4.9-52.6-7.8-75.5-5.3\n\tc-10.2,1.1-22.6,1.4-50.1,7.4c-27.2,6.3-58.2,16.6-79.4,24.7c-41.3,15.9-94.9,21.9-134,22.6C72,58.2,0,25.8,0,25.8V100h1000V65.3\n\tc0,0-51.5,19.4-106.2,25.7C839.5,97,814.1,95.2,790.5,93.1z\"\/>\n<\/svg>\t\t<\/div>\n\t\t<div class=\"elementor-element elementor-element-72ddf443 e-con-full e-flex e-con e-child\" data-id=\"72ddf443\" data-element_type=\"container\" data-e-type=\"container\">\n\t\t<div class=\"elementor-element elementor-element-1ba667ab e-con-full e-flex e-con e-child\" data-id=\"1ba667ab\" data-element_type=\"container\" data-e-type=\"container\">\n\t\t\t\t<div class=\"elementor-element elementor-element-5122d55a animated-fast elementor-widget__width-initial elementor-invisible elementor-widget elementor-widget-elementskit-heading\" data-id=\"5122d55a\" data-element_type=\"widget\" data-e-type=\"widget\" data-settings=\"{&quot;_animation&quot;:&quot;fadeIn&quot;,&quot;ekit_we_effect_on&quot;:&quot;css&quot;,&quot;_animation_delay&quot;:100}\" data-widget_type=\"elementskit-heading.default\">\n\t\t\t\t<div class=\"elementor-widget-container\">\n\t\t\t\t\t<div class=\"ekit-wid-con\" ><div class=\"ekit-heading elementskit-section-title-wraper text_left   ekit_heading_tablet-   ekit_heading_mobile-\"><h6 class=\"elementskit-section-subtitle   ekit-heading__subtitle-has-border\">\n\t\t\t\t\t\tPackraft Ausr\u00fcstung\n\t\t\t\t\t<\/h6><h1 class=\"ekit-heading--title elementskit-section-title \">Mieten Sie eine <span><span>Bow Bag<\/span><\/span>?<\/h1>\t\t\t\t<div class='ekit-heading__description'>\n\t\t\t\t\t<p>Die Halkett 15L Universaltasche f\u00fcr den Bug ist Ihr idealer Begleiter f\u00fcr jedes Packraft-Abenteuer. Aus robustem 210D TPU-beschichtetem Nylon, mit verschwei\u00dften N\u00e4hten und einem strapazierf\u00e4higen, wasserdichten Rei\u00dfverschluss, h\u00e4lt diese Tasche Ihre Ausr\u00fcstung garantiert trocken, selbst unter den wildesten Bedingungen. Mit 15 Litern Stauraum und einem geringen Gewicht (nur 200 Gramm) passt sie perfekt auf den Bug eines jeden Packraft. Das Zurrpunktsystem und die verstellbaren Riemen sorgen f\u00fcr eine feste, stabile Befestigung.   <\/p>\n\t\t\t\t<\/div>\n\t\t\t<\/div><\/div>\t\t\t\t<\/div>\n\t\t\t\t<\/div>\n\t\t\t\t<div class=\"elementor-element elementor-element-dd3fecd elementor-widget elementor-widget-price-list\" data-id=\"dd3fecd\" data-element_type=\"widget\" data-e-type=\"widget\" data-settings=\"{&quot;ekit_we_effect_on&quot;:&quot;none&quot;}\" data-widget_type=\"price-list.default\">\n\t\t\t\t<div class=\"elementor-widget-container\">\n\t\t\t\t\t\n\t\t<ul class=\"elementor-price-list\">\n\n\t\t\t\t\t\t\t\t\t<li><a class=\"elementor-price-list-item\" href=\"#\">\t\t\t\t\n\t\t\t\t<div class=\"elementor-price-list-text\">\n\t\t\t\t\t\t\t\t\t<div class=\"elementor-price-list-header\">\n\t\t\t\t\t\t\t\t\t\t\t<span class=\"elementor-price-list-title\">\n\t\t\t\t\t\t\tPreis von\t\t\t\t\t\t<\/span>\n\t\t\t\t\t\t\t\t\t\t\t\t\t\t\t\t\t\t<span class=\"elementor-price-list-separator\"><\/span>\n\t\t\t\t\t\t\t\t\t\t\t\t\t\t\t\t\t\t\t<span class=\"elementor-price-list-price\">\u20ac 10,-<\/span>\n\t\t\t\t\t\t\t\t\t\t<\/div>\n\t\t\t\t\t\t\t\t\t\t\t\t<\/div>\n\t\t\t\t<\/a><\/li>\t\t\t\t\t\n\t\t<\/ul>\n\n\t\t\t\t\t\t<\/div>\n\t\t\t\t<\/div>\n\t\t\t\t<div class=\"elementor-element elementor-element-f2b3e69 elementor-align-justify elementor-widget elementor-widget-button\" data-id=\"f2b3e69\" data-element_type=\"widget\" data-e-type=\"widget\" data-settings=\"{&quot;ekit_we_effect_on&quot;:&quot;none&quot;}\" data-widget_type=\"button.default\">\n\t\t\t\t<div class=\"elementor-widget-container\">\n\t\t\t\t\t\t\t\t\t<div class=\"elementor-button-wrapper\">\n\t\t\t\t\t<a class=\"elementor-button elementor-button-link elementor-size-sm\" href=\"https:\/\/app.rentapackraft.com\/product-category\/verhuur\/\" target=\"_blank\">\n\t\t\t\t\t\t<span class=\"elementor-button-content-wrapper\">\n\t\t\t\t\t\t<span class=\"elementor-button-icon\">\n\t\t\t\t<i aria-hidden=\"true\" class=\"icon icon-right-arrow\"><\/i>\t\t\t<\/span>\n\t\t\t\t\t\t\t\t\t<span class=\"elementor-button-text\">\ud83e\udd18 Mieten Sie Ihre Bogen-Tasche<\/span>\n\t\t\t\t\t<\/span>\n\t\t\t\t\t<\/a>\n\t\t\t\t<\/div>\n\t\t\t\t\t\t\t\t<\/div>\n\t\t\t\t<\/div>\n\t\t\t\t<\/div>\n\t\t<div class=\"elementor-element elementor-element-4d531557 e-con-full e-flex e-con e-child\" data-id=\"4d531557\" data-element_type=\"container\" data-e-type=\"container\" data-settings=\"{&quot;background_background&quot;:&quot;classic&quot;}\">\n\t\t\t\t<div class=\"elementor-element elementor-element-54c57ae3 elementor-widget elementor-widget-image\" data-id=\"54c57ae3\" data-element_type=\"widget\" data-e-type=\"widget\" data-settings=\"{&quot;ekit_we_effect_on&quot;:&quot;none&quot;}\" data-widget_type=\"image.default\">\n\t\t\t\t<div class=\"elementor-widget-container\">\n\t\t\t\t\t\t\t\t\t\t\t\t\t\t\t<img fetchpriority=\"high\" width=\"827\" height=\"602\" src=\"https:\/\/rentapackraft.com\/wp-content\/uploads\/2024\/08\/bowbag.png\" class=\"attachment-large size-large wp-image-24340\" alt=\"Bugtasche Alpacka Raft zum Mieten\" srcset=\"https:\/\/rentapackraft.com\/wp-content\/uploads\/2024\/08\/bowbag.png 827w, https:\/\/rentapackraft.com\/wp-content\/uploads\/2024\/08\/bowbag-300x218.png 300w, https:\/\/rentapackraft.com\/wp-content\/uploads\/2024\/08\/bowbag-768x559.png 768w, https:\/\/rentapackraft.com\/wp-content\/uploads\/2024\/08\/bowbag-710x517.png 710w\" sizes=\"(max-width: 827px) 100vw, 827px\" \/>\t\t\t\t\t\t\t\t\t\t\t\t\t\t\t<\/div>\n\t\t\t\t<\/div>\n\t\t\t\t<\/div>\n\t\t\t\t<\/div>\n\t\t\t\t<div class=\"elementor-element elementor-element-10ffbbb9 elementor-absolute animated-fast elementor-invisible elementor-widget elementor-widget-image\" data-id=\"10ffbbb9\" data-element_type=\"widget\" data-e-type=\"widget\" data-settings=\"{&quot;_position&quot;:&quot;absolute&quot;,&quot;ekit_we_effect_on&quot;:&quot;onscroll&quot;,&quot;ekit_we_scroll_animation_value&quot;:150,&quot;ekit_we_scroll_smoothness&quot;:0,&quot;_animation&quot;:&quot;fadeInUp&quot;,&quot;_animation_delay&quot;:200,&quot;ekit_we_on_test_mode&quot;:&quot;on&quot;,&quot;ekit_we_scroll_animation&quot;:&quot;translateY&quot;,&quot;ekit_we_scroll_offsettop&quot;:0,&quot;ekit_we_scroll_offsetbottom&quot;:0}\" data-widget_type=\"image.default\">\n\t\t\t\t<div class=\"elementor-widget-container\">\n\t\t\t\t\t\t\t\t\t\t\t\t\t\t\t<img width=\"211\" height=\"211\" src=\"https:\/\/rentapackraft.com\/wp-content\/uploads\/2023\/10\/sierra-marketing-shape-2.svg\" class=\"attachment-large size-large wp-image-23888\" alt=\"Kreis Hintergrund\" \/>\t\t\t\t\t\t\t\t\t\t\t\t\t\t\t<\/div>\n\t\t\t\t<\/div>\n\t\t\t\t\t<\/div>\n\t\t\t\t<\/div>\n\t\t<div class=\"elementor-element elementor-element-725b4b76 e-flex e-con-boxed e-con e-parent\" data-id=\"725b4b76\" data-element_type=\"container\" data-e-type=\"container\" data-settings=\"{&quot;background_background&quot;:&quot;classic&quot;}\">\n\t\t\t\t\t<div class=\"e-con-inner\">\n\t\t<div class=\"elementor-element elementor-element-3293d0e e-con-full e-flex e-con e-child\" data-id=\"3293d0e\" data-element_type=\"container\" data-e-type=\"container\">\n\t\t\t\t<div class=\"elementor-element elementor-element-3999b7e4 animated-fast elementor-widget__width-initial elementor-invisible elementor-widget elementor-widget-elementskit-heading\" data-id=\"3999b7e4\" data-element_type=\"widget\" data-e-type=\"widget\" data-settings=\"{&quot;_animation&quot;:&quot;fadeIn&quot;,&quot;ekit_we_effect_on&quot;:&quot;css&quot;,&quot;_animation_delay&quot;:100}\" data-widget_type=\"elementskit-heading.default\">\n\t\t\t\t<div class=\"elementor-widget-container\">\n\t\t\t\t\t<div class=\"ekit-wid-con\" ><div class=\"ekit-heading elementskit-section-title-wraper text_center   ekit_heading_tablet-   ekit_heading_mobile-\"><h6 class=\"elementskit-section-subtitle   ekit-heading__subtitle-has-border\">\n\t\t\t\t\t\tSo funktioniert es\n\t\t\t\t\t<\/h6><h2 class=\"ekit-heading--title elementskit-section-title \">Wie k\u00f6nnen Sie eine <span><span>Bow Bag<\/span><\/span> mieten?<\/h2>\t\t\t\t<div class='ekit-heading__description'>\n\t\t\t\t\t<p>Befolgen Sie diese 3 Schritte, und die Schleifen-Tasche wird innerhalb von 24 Stunden bei Ihnen sein!  <\/p>\n\t\t\t\t<\/div>\n\t\t\t<\/div><\/div>\t\t\t\t<\/div>\n\t\t\t\t<\/div>\n\t\t\t\t<\/div>\n\t\t<div class=\"elementor-element elementor-element-a9abce3 e-con-full e-flex e-con e-child\" data-id=\"a9abce3\" data-element_type=\"container\" data-e-type=\"container\">\n\t\t<div class=\"elementor-element elementor-element-902b6e8 e-con-full e-flex e-con e-child\" data-id=\"902b6e8\" data-element_type=\"container\" data-e-type=\"container\">\n\t\t\t\t<div class=\"elementor-element elementor-element-834f737 elementor-widget elementor-widget-image\" data-id=\"834f737\" data-element_type=\"widget\" data-e-type=\"widget\" data-settings=\"{&quot;ekit_we_effect_on&quot;:&quot;none&quot;}\" data-widget_type=\"image.default\">\n\t\t\t\t<div class=\"elementor-widget-container\">\n\t\t\t\t\t\t\t\t\t\t\t\t\t\t\t<img width=\"284\" height=\"283\" src=\"https:\/\/rentapackraft.com\/wp-content\/uploads\/2024\/08\/Asset-4.svg\" class=\"attachment-large size-large wp-image-24374\" alt=\"Icon Packraft Rafting\" \/>\t\t\t\t\t\t\t\t\t\t\t\t\t\t\t<\/div>\n\t\t\t\t<\/div>\n\t\t\t\t<div class=\"elementor-element elementor-element-e84b07f animated-fast widget-link-underline ekit-equal-height-disable elementor-invisible elementor-widget elementor-widget-elementskit-icon-box\" data-id=\"e84b07f\" data-element_type=\"widget\" data-e-type=\"widget\" data-settings=\"{&quot;_animation&quot;:&quot;fadeInUp&quot;,&quot;_animation_delay&quot;:100,&quot;ekit_we_effect_on&quot;:&quot;none&quot;}\" data-widget_type=\"elementskit-icon-box.default\">\n\t\t\t\t<div class=\"elementor-widget-container\">\n\t\t\t\t\t<div class=\"ekit-wid-con\" >        <!-- link opening -->\n                <a href=\"#\" class=\"ekit_global_links\">\n                <!-- end link opening -->\n\n        <div class=\"elementskit-infobox text-center text- icon-lef-right-aligin elementor-animation-   \">\n                        <div class=\"box-body\">\n                            <h4 class=\"elementskit-info-box-title\">\n                    1. W\u00e4hlen Sie Ihre Bogentasche                <\/h4>\n                        \t\t  \t<p>W\u00e4hlen Sie die Halkett 15L Bugtasche (und m\u00f6glicherweise ein Packraft und zus\u00e4tzliche Ausr\u00fcstung)<\/p>\n                                <\/div>\n        \n        \n                <\/div>\n                <\/a>\n        <\/div>\t\t\t\t<\/div>\n\t\t\t\t<\/div>\n\t\t\t\t<div class=\"elementor-element elementor-element-af8af38 elementor-absolute animated-fast elementor-hidden-tablet elementor-hidden-mobile elementor-invisible elementor-widget elementor-widget-image\" data-id=\"af8af38\" data-element_type=\"widget\" data-e-type=\"widget\" data-settings=\"{&quot;_position&quot;:&quot;absolute&quot;,&quot;_animation&quot;:&quot;fadeIn&quot;,&quot;_animation_delay&quot;:100,&quot;ekit_we_effect_on&quot;:&quot;none&quot;}\" data-widget_type=\"image.default\">\n\t\t\t\t<div class=\"elementor-widget-container\">\n\t\t\t\t\t\t\t\t\t\t\t\t\t\t\t<img loading=\"lazy\" width=\"150\" height=\"24\" src=\"https:\/\/rentapackraft.com\/wp-content\/uploads\/2024\/08\/shape-5-1.svg\" class=\"attachment-full size-full wp-image-24236\" alt=\"Pfeil\" \/>\t\t\t\t\t\t\t\t\t\t\t\t\t\t\t<\/div>\n\t\t\t\t<\/div>\n\t\t\t\t<\/div>\n\t\t<div class=\"elementor-element elementor-element-bd8505f e-con-full e-flex e-con e-child\" data-id=\"bd8505f\" data-element_type=\"container\" data-e-type=\"container\">\n\t\t\t\t<div class=\"elementor-element elementor-element-3f91aa5 elementor-widget elementor-widget-image\" data-id=\"3f91aa5\" data-element_type=\"widget\" data-e-type=\"widget\" data-settings=\"{&quot;ekit_we_effect_on&quot;:&quot;none&quot;}\" data-widget_type=\"image.default\">\n\t\t\t\t<div class=\"elementor-widget-container\">\n\t\t\t\t\t\t\t\t\t\t\t\t\t\t\t<img loading=\"lazy\" width=\"472\" height=\"471\" src=\"https:\/\/rentapackraft.com\/wp-content\/uploads\/2024\/08\/Asset-10.png\" class=\"attachment-large size-large wp-image-24376\" alt=\"Kalender-Symbol\" srcset=\"https:\/\/rentapackraft.com\/wp-content\/uploads\/2024\/08\/Asset-10.png 472w, https:\/\/rentapackraft.com\/wp-content\/uploads\/2024\/08\/Asset-10-300x300.png 300w, https:\/\/rentapackraft.com\/wp-content\/uploads\/2024\/08\/Asset-10-150x150.png 150w\" sizes=\"(max-width: 472px) 100vw, 472px\" \/>\t\t\t\t\t\t\t\t\t\t\t\t\t\t\t<\/div>\n\t\t\t\t<\/div>\n\t\t\t\t<div class=\"elementor-element elementor-element-9108b62 animated-fast widget-link-underline ekit-equal-height-disable elementor-invisible elementor-widget elementor-widget-elementskit-icon-box\" data-id=\"9108b62\" data-element_type=\"widget\" data-e-type=\"widget\" data-settings=\"{&quot;_animation&quot;:&quot;fadeInUp&quot;,&quot;_animation_delay&quot;:200,&quot;ekit_we_effect_on&quot;:&quot;none&quot;}\" data-widget_type=\"elementskit-icon-box.default\">\n\t\t\t\t<div class=\"elementor-widget-container\">\n\t\t\t\t\t<div class=\"ekit-wid-con\" >        <!-- link opening -->\n                <a href=\"#\" class=\"ekit_global_links\">\n                <!-- end link opening -->\n\n        <div class=\"elementskit-infobox text-center text- icon-lef-right-aligin elementor-animation-   \">\n                        <div class=\"box-body\">\n                            <h4 class=\"elementskit-info-box-title\">\n                    2. Datum ausw\u00e4hlen                <\/h4>\n                        \t\t  \t<p>Buchen Sie ganz einfach die Termine, an denen Sie die Bugtasche ben\u00f6tigen.<\/p>\n                                <\/div>\n        \n        \n                <\/div>\n                <\/a>\n        <\/div>\t\t\t\t<\/div>\n\t\t\t\t<\/div>\n\t\t\t\t<div class=\"elementor-element elementor-element-3b68952 elementor-absolute animated-fast elementor-hidden-tablet elementor-hidden-mobile elementor-invisible elementor-widget elementor-widget-image\" data-id=\"3b68952\" data-element_type=\"widget\" data-e-type=\"widget\" data-settings=\"{&quot;_position&quot;:&quot;absolute&quot;,&quot;_animation&quot;:&quot;fadeIn&quot;,&quot;_animation_delay&quot;:200,&quot;ekit_we_effect_on&quot;:&quot;none&quot;}\" data-widget_type=\"image.default\">\n\t\t\t\t<div class=\"elementor-widget-container\">\n\t\t\t\t\t\t\t\t\t\t\t\t\t\t\t<img loading=\"lazy\" width=\"150\" height=\"24\" src=\"https:\/\/rentapackraft.com\/wp-content\/uploads\/2024\/08\/shape-5-1.svg\" class=\"attachment-full size-full wp-image-24236\" alt=\"Pfeil\" \/>\t\t\t\t\t\t\t\t\t\t\t\t\t\t\t<\/div>\n\t\t\t\t<\/div>\n\t\t\t\t<\/div>\n\t\t<div class=\"elementor-element elementor-element-df0a2ee e-con-full e-flex e-con e-child\" data-id=\"df0a2ee\" data-element_type=\"container\" data-e-type=\"container\">\n\t\t\t\t<div class=\"elementor-element elementor-element-68dcfb1 elementor-widget elementor-widget-image\" data-id=\"68dcfb1\" data-element_type=\"widget\" data-e-type=\"widget\" data-settings=\"{&quot;ekit_we_effect_on&quot;:&quot;none&quot;}\" data-widget_type=\"image.default\">\n\t\t\t\t<div class=\"elementor-widget-container\">\n\t\t\t\t\t\t\t\t\t\t\t\t\t\t\t<img loading=\"lazy\" width=\"472\" height=\"472\" src=\"https:\/\/rentapackraft.com\/wp-content\/uploads\/2024\/08\/Asset-8.png\" class=\"attachment-large size-large wp-image-24378\" alt=\"Person in einem Packraft\" srcset=\"https:\/\/rentapackraft.com\/wp-content\/uploads\/2024\/08\/Asset-8.png 472w, https:\/\/rentapackraft.com\/wp-content\/uploads\/2024\/08\/Asset-8-300x300.png 300w, https:\/\/rentapackraft.com\/wp-content\/uploads\/2024\/08\/Asset-8-150x150.png 150w\" sizes=\"(max-width: 472px) 100vw, 472px\" \/>\t\t\t\t\t\t\t\t\t\t\t\t\t\t\t<\/div>\n\t\t\t\t<\/div>\n\t\t\t\t<div class=\"elementor-element elementor-element-5fb1bbd animated-fast widget-link-underline ekit-equal-height-disable elementor-invisible elementor-widget elementor-widget-elementskit-icon-box\" data-id=\"5fb1bbd\" data-element_type=\"widget\" data-e-type=\"widget\" data-settings=\"{&quot;_animation&quot;:&quot;fadeInUp&quot;,&quot;_animation_delay&quot;:300,&quot;ekit_we_effect_on&quot;:&quot;none&quot;}\" data-widget_type=\"elementskit-icon-box.default\">\n\t\t\t\t<div class=\"elementor-widget-container\">\n\t\t\t\t\t<div class=\"ekit-wid-con\" >        <!-- link opening -->\n                <a href=\"#\" class=\"ekit_global_links\">\n                <!-- end link opening -->\n\n        <div class=\"elementskit-infobox text-center text- icon-lef-right-aligin elementor-animation-   \">\n                        <div class=\"box-body\">\n                            <h4 class=\"elementskit-info-box-title\">\n                    3. Gehen Sie auf ein Abenteuer                <\/h4>\n                        \t\t  \t<p>Wir werden sofort mit der Arbeit f\u00fcr Sie beginnen. So k\u00f6nnen Sie innerhalb von 24-48 Stunden gut vorbereitet auf dem Wasser sein. <\/p>\n                                <\/div>\n        \n        \n                <\/div>\n                <\/a>\n        <\/div>\t\t\t\t<\/div>\n\t\t\t\t<\/div>\n\t\t\t\t<\/div>\n\t\t\t\t<\/div>\n\t\t\t\t\t<\/div>\n\t\t\t\t<\/div>\n\t\t\t\t<\/div>\n\t\t","protected":false},"excerpt":{"rendered":"<p>Packraft Ausr\u00fcstung Mieten Sie eine Bow Bag? Die Halkett 15L Universaltasche f\u00fcr den Bug ist Ihr idealer Begleiter f\u00fcr jedes Packraft-Abenteuer. Aus robustem 210D TPU-beschichtetem Nylon, mit verschwei\u00dften N\u00e4hten und einem strapazierf\u00e4higen, wasserdichten Rei\u00dfverschluss, h\u00e4lt diese Tasche Ihre Ausr\u00fcstung garantiert trocken, selbst unter den wildesten Bedingungen. Mit 15 Litern Stauraum und einem geringen Gewicht (nur [&hellip;]<\/p>\n","protected":false},"author":1,"featured_media":0,"parent":0,"menu_order":0,"comment_status":"closed","ping_status":"closed","template":"","meta":{"footnotes":""},"class_list":["post-32605","page","type-page","status-publish","hentry"],"_links":{"self":[{"href":"https:\/\/rentapackraft.com\/de\/wp-json\/wp\/v2\/pages\/32605","targetHints":{"allow":["GET"]}}],"collection":[{"href":"https:\/\/rentapackraft.com\/de\/wp-json\/wp\/v2\/pages"}],"about":[{"href":"https:\/\/rentapackraft.com\/de\/wp-json\/wp\/v2\/types\/page"}],"author":[{"embeddable":true,"href":"https:\/\/rentapackraft.com\/de\/wp-json\/wp\/v2\/users\/1"}],"replies":[{"embeddable":true,"href":"https:\/\/rentapackraft.com\/de\/wp-json\/wp\/v2\/comments?post=32605"}],"version-history":[{"count":2,"href":"https:\/\/rentapackraft.com\/de\/wp-json\/wp\/v2\/pages\/32605\/revisions"}],"predecessor-version":[{"id":33783,"href":"https:\/\/rentapackraft.com\/de\/wp-json\/wp\/v2\/pages\/32605\/revisions\/33783"}],"wp:attachment":[{"href":"https:\/\/rentapackraft.com\/de\/wp-json\/wp\/v2\/media?parent=32605"}],"curies":[{"name":"wp","href":"https:\/\/api.w.org\/{rel}","templated":true}]}}